{"id":27602,"date":"2022-09-21T16:28:13","date_gmt":"2022-09-21T16:28:13","guid":{"rendered":"https:\/\/traze.com\/herramientas-de-trading\/calendario-economico\/"},"modified":"2026-03-18T14:25:58","modified_gmt":"2026-03-18T14:25:58","slug":"calendario-economico","status":"publish","type":"page","link":"https:\/\/traze.com\/es-la\/herramientas-de-trading\/calendario-economico\/","title":{"rendered":"Calendario Econ\u00f3mico"},"content":{"rendered":"\t\t<div data-elementor-type=\"wp-page\" data-elementor-id=\"27602\" class=\"elementor elementor-27602 elementor-4643\" data-elementor-settings=\"{&quot;element_pack_global_tooltip_width&quot;:{&quot;unit&quot;:&quot;px&quot;,&quot;size&quot;:&quot;&quot;,&quot;sizes&quot;:[]},&quot;element_pack_global_tooltip_width_tablet&quot;:{&quot;unit&quot;:&quot;px&quot;,&quot;size&quot;:&quot;&quot;,&quot;sizes&quot;:[]},&quot;element_pack_global_tooltip_width_mobile&quot;:{&quot;unit&quot;:&quot;px&quot;,&quot;size&quot;:&quot;&quot;,&quot;sizes&quot;:[]},&quot;element_pack_global_tooltip_padding&quot;:{&quot;unit&quot;:&quot;px&quot;,&quot;top&quot;:&quot;&quot;,&quot;right&quot;:&quot;&quot;,&quot;bottom&quot;:&quot;&quot;,&quot;left&quot;:&quot;&quot;,&quot;isLinked&quot;:true},&quot;element_pack_global_tooltip_padding_tablet&quot;:{&quot;unit&quot;:&quot;px&quot;,&quot;top&quot;:&quot;&quot;,&quot;right&quot;:&quot;&quot;,&quot;bottom&quot;:&quot;&quot;,&quot;left&quot;:&quot;&quot;,&quot;isLinked&quot;:true},&quot;element_pack_global_tooltip_padding_mobile&quot;:{&quot;unit&quot;:&quot;px&quot;,&quot;top&quot;:&quot;&quot;,&quot;right&quot;:&quot;&quot;,&quot;bottom&quot;:&quot;&quot;,&quot;left&quot;:&quot;&quot;,&quot;isLinked&quot;:true},&quot;element_pack_global_tooltip_border_radius&quot;:{&quot;unit&quot;:&quot;px&quot;,&quot;top&quot;:&quot;&quot;,&quot;right&quot;:&quot;&quot;,&quot;bottom&quot;:&quot;&quot;,&quot;left&quot;:&quot;&quot;,&quot;isLinked&quot;:true},&quot;element_pack_global_tooltip_border_radius_tablet&quot;:{&quot;unit&quot;:&quot;px&quot;,&quot;top&quot;:&quot;&quot;,&quot;right&quot;:&quot;&quot;,&quot;bottom&quot;:&quot;&quot;,&quot;left&quot;:&quot;&quot;,&quot;isLinked&quot;:true},&quot;element_pack_global_tooltip_border_radius_mobile&quot;:{&quot;unit&quot;:&quot;px&quot;,&quot;top&quot;:&quot;&quot;,&quot;right&quot;:&quot;&quot;,&quot;bottom&quot;:&quot;&quot;,&quot;left&quot;:&quot;&quot;,&quot;isLinked&quot;:true}}\" data-elementor-post-type=\"page\">\n\t\t\t\t<div class=\"elementor-element elementor-element-316cf3a e-flex e-con-boxed e-con e-parent\" data-id=\"316cf3a\" data-element_type=\"container\">\n\t\t\t\t\t<div class=\"e-con-inner\">\n\t\t\t\t<div class=\"elementor-element elementor-element-3d4dbfd elementor-absolute elementor-widget elementor-widget-image\" data-id=\"3d4dbfd\" data-element_type=\"widget\" data-settings=\"{&quot;_position&quot;:&quot;absolute&quot;}\" data-widget_type=\"image.default\">\n\t\t\t\t\t\t\t\t\t\t\t\t\t\t\t<img fetchpriority=\"high\" decoding=\"async\" width=\"1780\" height=\"1275\" src=\"https:\/\/traze.com\/lib\/uploads\/2025\/10\/elipse-hero.svg\" class=\"attachment-full size-full wp-image-24174\" alt=\"\" \/>\t\t\t\t\t\t\t\t\t\t\t\t\t\t\t<\/div>\n\t\t<div class=\"elementor-element elementor-element-9b2f47a e-flex e-con-boxed e-con e-child\" data-id=\"9b2f47a\" data-element_type=\"container\">\n\t\t\t\t\t<div class=\"e-con-inner\">\n\t\t\t\t<div class=\"elementor-element elementor-element-fcef31f elementor-widget elementor-widget-heading\" data-id=\"fcef31f\" data-element_type=\"widget\" data-widget_type=\"heading.default\">\n\t\t\t\t\t<h1 class=\"elementor-heading-title elementor-size-default\">Calendario Econ\u00f3mico<\/h1>\t\t\t\t<\/div>\n\t\t\t\t<div class=\"elementor-element elementor-element-672fe5d elementor-widget-mobile__width-initial elementor-widget elementor-widget-heading\" data-id=\"672fe5d\" data-element_type=\"widget\" data-widget_type=\"heading.default\">\n\t\t\t\t\t<p class=\"elementor-heading-title elementor-size-default\">El calendario econ\u00f3mico le permite monitorear eventos que mueven el mercado, incluyendo decisiones de pol\u00edtica monetaria, eventos programados, comunicados de prensa y otros indicadores econ\u00f3micos. Estos pueden anunciarse o publicarse en un informe y tienen una alta posibilidad de mover los mercados financieros.<\/p>\t\t\t\t<\/div>\n\t\t\t\t\t<\/div>\n\t\t\t\t<\/div>\n\t\t<div class=\"elementor-element elementor-element-ce167ea e-flex e-con-boxed e-con e-child\" data-id=\"ce167ea\" data-element_type=\"container\">\n\t\t\t\t\t<div class=\"e-con-inner\">\n\t\t\t\t<div class=\"elementor-element elementor-element-fc50324 elementor-absolute elementor-widget elementor-widget-image\" data-id=\"fc50324\" data-element_type=\"widget\" data-settings=\"{&quot;_position&quot;:&quot;absolute&quot;}\" data-widget_type=\"image.default\">\n\t\t\t\t\t\t\t\t\t\t\t\t\t\t\t<img decoding=\"async\" width=\"954\" height=\"816\" src=\"https:\/\/traze.com\/lib\/uploads\/2025\/10\/elipse-primary-sky.svg\" class=\"attachment-full size-full wp-image-23077\" alt=\"\" \/>\t\t\t\t\t\t\t\t\t\t\t\t\t\t\t<\/div>\n\t\t\t\t<div class=\"elementor-element elementor-element-cd175cc elementor-widget elementor-widget-image\" data-id=\"cd175cc\" data-element_type=\"widget\" data-widget_type=\"image.default\">\n\t\t\t\t\t\t\t\t\t\t\t\t\t\t\t<img decoding=\"async\" width=\"872\" height=\"627\" src=\"https:\/\/traze.com\/lib\/uploads\/2025\/11\/economic-calendar-hero.png\" class=\"attachment-full size-full wp-image-27642\" alt=\"\" srcset=\"https:\/\/traze.com\/lib\/uploads\/2025\/11\/economic-calendar-hero.png 872w, https:\/\/traze.com\/lib\/uploads\/2025\/11\/economic-calendar-hero-300x216.png 300w, https:\/\/traze.com\/lib\/uploads\/2025\/11\/economic-calendar-hero-768x552.png 768w, https:\/\/traze.com\/lib\/uploads\/2025\/11\/economic-calendar-hero-650x467.png 650w\" sizes=\"(max-width: 872px) 100vw, 872px\" \/>\t\t\t\t\t\t\t\t\t\t\t\t\t\t\t<\/div>\n\t\t\t\t\t<\/div>\n\t\t\t\t<\/div>\n\t\t\t\t\t<\/div>\n\t\t\t\t<\/div>\n\t\t<div class=\"elementor-element elementor-element-02fc9c1 e-flex e-con-boxed e-con e-parent\" data-id=\"02fc9c1\" data-element_type=\"container\">\n\t\t\t\t\t<div class=\"e-con-inner\">\n\t\t<div class=\"elementor-element elementor-element-c6a504b e-con-full e-flex e-con e-child\" data-id=\"c6a504b\" data-element_type=\"container\">\n\t\t\t\t<div class=\"elementor-element elementor-element-babee30 elementor-widget elementor-widget-html\" data-id=\"babee30\" data-element_type=\"widget\" data-widget_type=\"html.default\">\n\t\t\t\t\t <iframe scrolling=\"no\" allowtransparency=\"true\" frameborder=\"0\" width=\"100%\" height=\"800px\" src=\"https:\/\/zeal-holdings.com\/economic-calendar\/?v=1.2.5&theme=dark&lang=es\"><\/iframe>\t\t\t\t<\/div>\n\t\t\t\t<\/div>\n\t\t\t\t\t<\/div>\n\t\t\t\t<\/div>\n\t\t\t\t<\/div>\n\t\t","protected":false},"excerpt":{"rendered":"<p>Calendario Econ\u00f3mico El calendario econ\u00f3mico le permite monitorear eventos que mueven el mercado, incluyendo decisiones de pol\u00edtica monetaria, eventos programados, comunicados de [&hellip;]<\/p>\n","protected":false},"author":1,"featured_media":0,"parent":27596,"menu_order":0,"comment_status":"closed","ping_status":"closed","template":"","meta":{"footnotes":""},"class_list":["post-27602","page","type-page","status-publish","hentry"],"yoast_head":"<!-- This site is optimized with the Yoast SEO Premium plugin v26.4 (Yoast SEO v26.4) - https:\/\/yoast.com\/wordpress\/plugins\/seo\/ -->\n<title>Calendario Econ\u00f3mico | Traze Forex and CFD Online Trading<\/title>\n<meta name=\"robots\" content=\"index, follow, max-snippet:-1, max-image-preview:large, max-video-preview:-1\" \/>\n<link rel=\"canonical\" href=\"https:\/\/traze.com\/es-la\/herramientas-de-trading\/calendario-economico\/\" \/>\n<meta property=\"og:locale\" content=\"es_MX\" \/>\n<meta property=\"og:type\" content=\"article\" \/>\n<meta property=\"og:title\" content=\"Calendario Econ\u00f3mico\" \/>\n<meta property=\"og:description\" content=\"Calendario Econ\u00f3mico El calendario econ\u00f3mico le permite monitorear eventos que mueven el mercado, incluyendo decisiones de pol\u00edtica monetaria, eventos programados, comunicados de [&hellip;]\" \/>\n<meta property=\"og:url\" content=\"https:\/\/traze.com\/es-la\/herramientas-de-trading\/calendario-economico\/\" \/>\n<meta property=\"og:site_name\" content=\"Traze Forex and CFD Online Trading\" \/>\n<meta property=\"article:modified_time\" content=\"2026-03-18T14:25:58+00:00\" \/>\n<meta property=\"og:image\" content=\"https:\/\/traze.com\/lib\/uploads\/2025\/10\/fav-icon.png\" \/>\n\t<meta property=\"og:image:width\" content=\"512\" \/>\n\t<meta property=\"og:image:height\" content=\"512\" \/>\n\t<meta property=\"og:image:type\" content=\"image\/png\" \/>\n<meta name=\"twitter:card\" content=\"summary_large_image\" \/>\n<meta name=\"twitter:label1\" content=\"Tiempo de lectura\" \/>\n\t<meta name=\"twitter:data1\" content=\"2 minutos\" \/>\n<script type=\"application\/ld+json\" class=\"yoast-schema-graph\">{\"@context\":\"https:\/\/schema.org\",\"@graph\":[{\"@type\":\"WebPage\",\"@id\":\"https:\/\/traze.com\/es-la\/herramientas-de-trading\/calendario-economico\/\",\"url\":\"https:\/\/traze.com\/es-la\/herramientas-de-trading\/calendario-economico\/\",\"name\":\"Calendario Econ\u00f3mico | Traze Forex and CFD Online Trading\",\"isPartOf\":{\"@id\":\"https:\/\/traze.com\/es-la\/#website\"},\"primaryImageOfPage\":{\"@id\":\"https:\/\/traze.com\/es-la\/herramientas-de-trading\/calendario-economico\/#primaryimage\"},\"image\":{\"@id\":\"https:\/\/traze.com\/es-la\/herramientas-de-trading\/calendario-economico\/#primaryimage\"},\"thumbnailUrl\":\"https:\/\/traze.com\/lib\/uploads\/2025\/10\/elipse-hero.svg\",\"datePublished\":\"2022-09-21T16:28:13+00:00\",\"dateModified\":\"2026-03-18T14:25:58+00:00\",\"breadcrumb\":{\"@id\":\"https:\/\/traze.com\/es-la\/herramientas-de-trading\/calendario-economico\/#breadcrumb\"},\"inLanguage\":\"es\",\"potentialAction\":[{\"@type\":\"ReadAction\",\"target\":[\"https:\/\/traze.com\/es-la\/herramientas-de-trading\/calendario-economico\/\"]}]},{\"@type\":\"ImageObject\",\"inLanguage\":\"es\",\"@id\":\"https:\/\/traze.com\/es-la\/herramientas-de-trading\/calendario-economico\/#primaryimage\",\"url\":\"https:\/\/traze.com\/lib\/uploads\/2025\/10\/elipse-hero.svg\",\"contentUrl\":\"https:\/\/traze.com\/lib\/uploads\/2025\/10\/elipse-hero.svg\"},{\"@type\":\"BreadcrumbList\",\"@id\":\"https:\/\/traze.com\/es-la\/herramientas-de-trading\/calendario-economico\/#breadcrumb\",\"itemListElement\":[{\"@type\":\"ListItem\",\"position\":1,\"name\":\"Home\",\"item\":\"https:\/\/traze.com\/es-la\/\"},{\"@type\":\"ListItem\",\"position\":2,\"name\":\"Trading Tools\",\"item\":\"https:\/\/traze.com\/es-la\/herramientas-de-trading\/\"},{\"@type\":\"ListItem\",\"position\":3,\"name\":\"Calendario Econ\u00f3mico\"}]},{\"@type\":\"WebSite\",\"@id\":\"https:\/\/traze.com\/es-la\/#website\",\"url\":\"https:\/\/traze.com\/es-la\/\",\"name\":\"Traze Forex and CFD Online Trading\",\"description\":\"\",\"publisher\":{\"@id\":\"https:\/\/traze.com\/es-la\/#organization\"},\"potentialAction\":[{\"@type\":\"SearchAction\",\"target\":{\"@type\":\"EntryPoint\",\"urlTemplate\":\"https:\/\/traze.com\/es-la\/?s={search_term_string}\"},\"query-input\":{\"@type\":\"PropertyValueSpecification\",\"valueRequired\":true,\"valueName\":\"search_term_string\"}}],\"inLanguage\":\"es\"},{\"@type\":\"Organization\",\"@id\":\"https:\/\/traze.com\/es-la\/#organization\",\"name\":\"Traze Forex and CFD Online Trading\",\"url\":\"https:\/\/traze.com\/es-la\/\",\"logo\":{\"@type\":\"ImageObject\",\"inLanguage\":\"es\",\"@id\":\"https:\/\/traze.com\/es-la\/#\/schema\/logo\/image\/\",\"url\":\"https:\/\/traze.com\/lib\/uploads\/2025\/08\/traze-light.svg\",\"contentUrl\":\"https:\/\/traze.com\/lib\/uploads\/2025\/08\/traze-light.svg\",\"width\":8206,\"height\":1995,\"caption\":\"Traze Forex and CFD Online Trading\"},\"image\":{\"@id\":\"https:\/\/traze.com\/es-la\/#\/schema\/logo\/image\/\"}}]}<\/script>\n<!-- \/ Yoast SEO Premium plugin. -->","yoast_head_json":{"title":"Calendario Econ\u00f3mico | Traze Forex and CFD Online Trading","robots":{"index":"index","follow":"follow","max-snippet":"max-snippet:-1","max-image-preview":"max-image-preview:large","max-video-preview":"max-video-preview:-1"},"canonical":"https:\/\/traze.com\/es-la\/herramientas-de-trading\/calendario-economico\/","og_locale":"es_MX","og_type":"article","og_title":"Calendario Econ\u00f3mico","og_description":"Calendario Econ\u00f3mico El calendario econ\u00f3mico le permite monitorear eventos que mueven el mercado, incluyendo decisiones de pol\u00edtica monetaria, eventos programados, comunicados de [&hellip;]","og_url":"https:\/\/traze.com\/es-la\/herramientas-de-trading\/calendario-economico\/","og_site_name":"Traze Forex and CFD Online Trading","article_modified_time":"2026-03-18T14:25:58+00:00","og_image":[{"width":512,"height":512,"url":"https:\/\/traze.com\/lib\/uploads\/2025\/10\/fav-icon.png","type":"image\/png"}],"twitter_card":"summary_large_image","twitter_misc":{"Tiempo de lectura":"2 minutos"},"schema":{"@context":"https:\/\/schema.org","@graph":[{"@type":"WebPage","@id":"https:\/\/traze.com\/es-la\/herramientas-de-trading\/calendario-economico\/","url":"https:\/\/traze.com\/es-la\/herramientas-de-trading\/calendario-economico\/","name":"Calendario Econ\u00f3mico | Traze Forex and CFD Online Trading","isPartOf":{"@id":"https:\/\/traze.com\/es-la\/#website"},"primaryImageOfPage":{"@id":"https:\/\/traze.com\/es-la\/herramientas-de-trading\/calendario-economico\/#primaryimage"},"image":{"@id":"https:\/\/traze.com\/es-la\/herramientas-de-trading\/calendario-economico\/#primaryimage"},"thumbnailUrl":"https:\/\/traze.com\/lib\/uploads\/2025\/10\/elipse-hero.svg","datePublished":"2022-09-21T16:28:13+00:00","dateModified":"2026-03-18T14:25:58+00:00","breadcrumb":{"@id":"https:\/\/traze.com\/es-la\/herramientas-de-trading\/calendario-economico\/#breadcrumb"},"inLanguage":"es","potentialAction":[{"@type":"ReadAction","target":["https:\/\/traze.com\/es-la\/herramientas-de-trading\/calendario-economico\/"]}]},{"@type":"ImageObject","inLanguage":"es","@id":"https:\/\/traze.com\/es-la\/herramientas-de-trading\/calendario-economico\/#primaryimage","url":"https:\/\/traze.com\/lib\/uploads\/2025\/10\/elipse-hero.svg","contentUrl":"https:\/\/traze.com\/lib\/uploads\/2025\/10\/elipse-hero.svg"},{"@type":"BreadcrumbList","@id":"https:\/\/traze.com\/es-la\/herramientas-de-trading\/calendario-economico\/#breadcrumb","itemListElement":[{"@type":"ListItem","position":1,"name":"Home","item":"https:\/\/traze.com\/es-la\/"},{"@type":"ListItem","position":2,"name":"Trading Tools","item":"https:\/\/traze.com\/es-la\/herramientas-de-trading\/"},{"@type":"ListItem","position":3,"name":"Calendario Econ\u00f3mico"}]},{"@type":"WebSite","@id":"https:\/\/traze.com\/es-la\/#website","url":"https:\/\/traze.com\/es-la\/","name":"Traze Forex and CFD Online Trading","description":"","publisher":{"@id":"https:\/\/traze.com\/es-la\/#organization"},"potentialAction":[{"@type":"SearchAction","target":{"@type":"EntryPoint","urlTemplate":"https:\/\/traze.com\/es-la\/?s={search_term_string}"},"query-input":{"@type":"PropertyValueSpecification","valueRequired":true,"valueName":"search_term_string"}}],"inLanguage":"es"},{"@type":"Organization","@id":"https:\/\/traze.com\/es-la\/#organization","name":"Traze Forex and CFD Online Trading","url":"https:\/\/traze.com\/es-la\/","logo":{"@type":"ImageObject","inLanguage":"es","@id":"https:\/\/traze.com\/es-la\/#\/schema\/logo\/image\/","url":"https:\/\/traze.com\/lib\/uploads\/2025\/08\/traze-light.svg","contentUrl":"https:\/\/traze.com\/lib\/uploads\/2025\/08\/traze-light.svg","width":8206,"height":1995,"caption":"Traze Forex and CFD Online Trading"},"image":{"@id":"https:\/\/traze.com\/es-la\/#\/schema\/logo\/image\/"}}]}},"_links":{"self":[{"href":"https:\/\/traze.com\/es-la\/wp-json\/wp\/v2\/pages\/27602","targetHints":{"allow":["GET"]}}],"collection":[{"href":"https:\/\/traze.com\/es-la\/wp-json\/wp\/v2\/pages"}],"about":[{"href":"https:\/\/traze.com\/es-la\/wp-json\/wp\/v2\/types\/page"}],"author":[{"embeddable":true,"href":"https:\/\/traze.com\/es-la\/wp-json\/wp\/v2\/users\/1"}],"replies":[{"embeddable":true,"href":"https:\/\/traze.com\/es-la\/wp-json\/wp\/v2\/comments?post=27602"}],"version-history":[{"count":1,"href":"https:\/\/traze.com\/es-la\/wp-json\/wp\/v2\/pages\/27602\/revisions"}],"predecessor-version":[{"id":27643,"href":"https:\/\/traze.com\/es-la\/wp-json\/wp\/v2\/pages\/27602\/revisions\/27643"}],"up":[{"embeddable":true,"href":"https:\/\/traze.com\/es-la\/wp-json\/wp\/v2\/pages\/27596"}],"wp:attachment":[{"href":"https:\/\/traze.com\/es-la\/wp-json\/wp\/v2\/media?parent=27602"}],"curies":[{"name":"wp","href":"https:\/\/api.w.org\/{rel}","templated":true}]}}