{"id":27592,"date":"2022-09-26T06:00:12","date_gmt":"2022-09-26T06:00:12","guid":{"rendered":"https:\/\/traze.com\/politicas-apalancamiento\/"},"modified":"2026-03-18T14:25:43","modified_gmt":"2026-03-18T14:25:43","slug":"politicas-apalancamiento","status":"publish","type":"page","link":"https:\/\/traze.com\/es-la\/trading\/politicas-apalancamiento\/","title":{"rendered":"Pol\u00edticas de Apalancamiento"},"content":{"rendered":"\t\t<div data-elementor-type=\"wp-page\" data-elementor-id=\"27592\" class=\"elementor elementor-27592 elementor-4922\" data-elementor-settings=\"{&quot;element_pack_global_tooltip_width&quot;:{&quot;unit&quot;:&quot;px&quot;,&quot;size&quot;:&quot;&quot;,&quot;sizes&quot;:[]},&quot;element_pack_global_tooltip_width_tablet&quot;:{&quot;unit&quot;:&quot;px&quot;,&quot;size&quot;:&quot;&quot;,&quot;sizes&quot;:[]},&quot;element_pack_global_tooltip_width_mobile&quot;:{&quot;unit&quot;:&quot;px&quot;,&quot;size&quot;:&quot;&quot;,&quot;sizes&quot;:[]},&quot;element_pack_global_tooltip_padding&quot;:{&quot;unit&quot;:&quot;px&quot;,&quot;top&quot;:&quot;&quot;,&quot;right&quot;:&quot;&quot;,&quot;bottom&quot;:&quot;&quot;,&quot;left&quot;:&quot;&quot;,&quot;isLinked&quot;:true},&quot;element_pack_global_tooltip_padding_tablet&quot;:{&quot;unit&quot;:&quot;px&quot;,&quot;top&quot;:&quot;&quot;,&quot;right&quot;:&quot;&quot;,&quot;bottom&quot;:&quot;&quot;,&quot;left&quot;:&quot;&quot;,&quot;isLinked&quot;:true},&quot;element_pack_global_tooltip_padding_mobile&quot;:{&quot;unit&quot;:&quot;px&quot;,&quot;top&quot;:&quot;&quot;,&quot;right&quot;:&quot;&quot;,&quot;bottom&quot;:&quot;&quot;,&quot;left&quot;:&quot;&quot;,&quot;isLinked&quot;:true},&quot;element_pack_global_tooltip_border_radius&quot;:{&quot;unit&quot;:&quot;px&quot;,&quot;top&quot;:&quot;&quot;,&quot;right&quot;:&quot;&quot;,&quot;bottom&quot;:&quot;&quot;,&quot;left&quot;:&quot;&quot;,&quot;isLinked&quot;:true},&quot;element_pack_global_tooltip_border_radius_tablet&quot;:{&quot;unit&quot;:&quot;px&quot;,&quot;top&quot;:&quot;&quot;,&quot;right&quot;:&quot;&quot;,&quot;bottom&quot;:&quot;&quot;,&quot;left&quot;:&quot;&quot;,&quot;isLinked&quot;:true},&quot;element_pack_global_tooltip_border_radius_mobile&quot;:{&quot;unit&quot;:&quot;px&quot;,&quot;top&quot;:&quot;&quot;,&quot;right&quot;:&quot;&quot;,&quot;bottom&quot;:&quot;&quot;,&quot;left&quot;:&quot;&quot;,&quot;isLinked&quot;:true}}\" data-elementor-post-type=\"page\">\n\t\t\t\t<div class=\"elementor-element elementor-element-ae28c44 zfx-hero e-flex e-con-boxed e-con e-parent\" data-id=\"ae28c44\" data-element_type=\"container\">\n\t\t\t\t\t<div class=\"e-con-inner\">\n\t\t<div class=\"elementor-element elementor-element-8c02f13 animated-slow e-con-full e-flex elementor-invisible e-con e-child\" data-id=\"8c02f13\" data-element_type=\"container\" data-settings=\"{&quot;animation&quot;:&quot;fadeIn&quot;,&quot;animation_delay&quot;:200}\">\n\t\t\t\t<div class=\"elementor-element elementor-element-eb9587e elementor-widget elementor-widget-heading\" data-id=\"eb9587e\" data-element_type=\"widget\" data-widget_type=\"heading.default\">\n\t\t\t\t\t<h1 class=\"elementor-heading-title elementor-size-default\">Pol\u00edticas de Apalancamiento<\/h1>\t\t\t\t<\/div>\n\t\t\t\t<\/div>\n\t\t<div class=\"elementor-element elementor-element-1becfa4 animated-slow e-con-full e-flex elementor-invisible e-con e-child\" data-id=\"1becfa4\" data-element_type=\"container\" data-settings=\"{&quot;animation&quot;:&quot;fadeIn&quot;}\">\n\t\t\t\t<div class=\"elementor-element elementor-element-c51cfe5 elementor-widget elementor-widget-image\" data-id=\"c51cfe5\" data-element_type=\"widget\" data-widget_type=\"image.default\">\n\t\t\t\t\t\t\t\t\t\t\t\t\t\t\t<img fetchpriority=\"high\" decoding=\"async\" width=\"747\" height=\"483\" src=\"https:\/\/traze.com\/lib\/uploads\/2025\/11\/leverage-policy-hero.png\" class=\"attachment-full size-full wp-image-24965\" alt=\"\" srcset=\"https:\/\/traze.com\/lib\/uploads\/2025\/11\/leverage-policy-hero.png 747w, https:\/\/traze.com\/lib\/uploads\/2025\/11\/leverage-policy-hero-300x194.png 300w, https:\/\/traze.com\/lib\/uploads\/2025\/11\/leverage-policy-hero-650x420.png 650w\" sizes=\"(max-width: 747px) 100vw, 747px\" \/>\t\t\t\t\t\t\t\t\t\t\t\t\t\t\t<\/div>\n\t\t\t\t<div class=\"elementor-element elementor-element-4ee892c elementor-widget-mobile__width-initial elementor-widget__width-initial elementor-widget-tablet__width-initial elementor-absolute elementor-widget elementor-widget-image\" data-id=\"4ee892c\" data-element_type=\"widget\" data-settings=\"{&quot;_position&quot;:&quot;absolute&quot;}\" data-widget_type=\"image.default\">\n\t\t\t\t\t\t\t\t\t\t\t\t\t\t\t<img decoding=\"async\" width=\"2514\" height=\"1885\" src=\"https:\/\/traze.com\/lib\/uploads\/2022\/09\/halo-gradient.svg\" class=\"attachment-full size-full wp-image-3883\" alt=\"\" \/>\t\t\t\t\t\t\t\t\t\t\t\t\t\t\t<\/div>\n\t\t\t\t<div class=\"elementor-element elementor-element-dd22047 elementor-absolute elementor-widget elementor-widget-image\" data-id=\"dd22047\" data-element_type=\"widget\" data-settings=\"{&quot;_position&quot;:&quot;absolute&quot;}\" data-widget_type=\"image.default\">\n\t\t\t\t\t\t\t\t\t\t\t\t\t\t\t<img decoding=\"async\" width=\"954\" height=\"816\" src=\"https:\/\/traze.com\/lib\/uploads\/2025\/10\/elipse-primary-sky.svg\" class=\"attachment-full size-full wp-image-23077\" alt=\"\" \/>\t\t\t\t\t\t\t\t\t\t\t\t\t\t\t<\/div>\n\t\t\t\t<\/div>\n\t\t\t\t\t<\/div>\n\t\t\t\t<\/div>\n\t\t<div class=\"elementor-element elementor-element-62a620b e-flex e-con-boxed e-con e-parent\" data-id=\"62a620b\" data-element_type=\"container\">\n\t\t\t\t\t<div class=\"e-con-inner\">\n\t\t<div class=\"elementor-element elementor-element-048b3a3 bdt-backdrop-filter-yes e-con-full e-flex e-con e-child\" data-id=\"048b3a3\" data-element_type=\"container\">\n\t\t\t\t<div class=\"elementor-element elementor-element-e801456 elementor-widget elementor-widget-heading\" data-id=\"e801456\" data-element_type=\"widget\" data-widget_type=\"heading.default\">\n\t\t\t\t\t<h2 class=\"elementor-heading-title elementor-size-default\">Apalancamiento basado en las acciones de la cuenta de Trading<\/h2>\t\t\t\t<\/div>\n\t\t\t\t<div class=\"elementor-element elementor-element-785c9ed elementor-widget__width-initial elementor-widget elementor-widget-text-editor\" data-id=\"785c9ed\" data-element_type=\"widget\" data-widget_type=\"text-editor.default\">\n\t\t\t\t\t\t\t\t\t<p class=\"hljs-comment\" style=\"text-align: left;\">Ahora puede utilizar un apalancamiento de hasta 1:2000 al negociar productos de Forex y Oro con nosotros. Esto se aplica a cualquier cuenta Traze dependiendo del capital de su cuenta. En Traze, creemos en el trading con gesti\u00f3n de riesgos. Con fines de gesti\u00f3n de riesgos, nuestro sistema reducir\u00e1 autom\u00e1ticamente su apalancamiento m\u00e1ximo aplicable. Si alg\u00fan aumento en el capital de su cuenta de trading activa nuestro sistema, su apalancamiento m\u00e1ximo aplicable se reducir\u00e1 autom\u00e1ticamente. Esto afectar\u00e1 sus operaciones existentes. Consulte los niveles de apalancamiento a continuaci\u00f3n para obtener m\u00e1s informaci\u00f3n.<\/p>\t\t\t\t\t\t\t\t<\/div>\n\t\t<div class=\"elementor-element elementor-element-1a7c451 e-con-full e-flex e-con e-child\" data-id=\"1a7c451\" data-element_type=\"container\">\n\t\t<div class=\"elementor-element elementor-element-ce21695 e-con-full e-flex e-con e-child\" data-id=\"ce21695\" data-element_type=\"container\">\n\t\t\t\t<div class=\"elementor-element elementor-element-cb0cb1b bdt-hide-entries-on-mobile-yes elementor-widget elementor-widget-bdt-table\" data-id=\"cb0cb1b\" data-element_type=\"widget\" data-widget_type=\"bdt-table.default\">\n\t\t\t\t\t\t\t<div class=\"bdt-table bdt-overflow-auto bdt-stripe\" id=\"bdt-table-cb0cb1b\">\n\n\n\t\t\t<table>\n    <thead>\n        <tr>\n            <th>Patrimonio de la Cuenta de Trading (USD)<\/th>\n            <th>Apalancamiento M\u00e1ximo<\/th>\n        <\/tr>\n    <\/thead>\n    <tbody>\n        <tr>\n            <td>0-3,000<\/td>\n            <td>1\uff1a2000<\/td>\n        <\/tr>\n        <tr>\n            <td>>3,000-10,000<\/td>\n            <td>1\uff1a1000<\/td>\n        <\/tr>\n        <tr>\n            <td>>10,000-20,000<\/td>\n            <td>1\uff1a888<\/td>\n        <\/tr>\n        <tr>\n            <td>>20,000-50,000<\/td>\n            <td>1\uff1a600<\/td>\n        <\/tr>\n        <tr>\n            <td>>50,000-100,000<\/td>\n            <td>1\uff1a500<\/td>\n        <\/tr>\n        <tr>\n            <td>>100,000<\/td>\n            <td>1\uff1a200<\/td>\n        <\/tr>\n    <\/tbody>\n<\/table>\n\t\t<\/div>\n\t\t\t\t\t\t<\/div>\n\t\t\t\t<\/div>\n\t\t\t\t<\/div>\n\t\t\t\t<div class=\"elementor-element elementor-element-2e3e087 elementor-widget elementor-widget-heading\" data-id=\"2e3e087\" data-element_type=\"widget\" data-widget_type=\"heading.default\">\n\t\t\t\t\t<h2 class=\"elementor-heading-title elementor-size-default\">Ajuste de apalancamiento durante los fines de semana y d\u00edas festivos<\/h2>\t\t\t\t<\/div>\n\t\t\t\t<div class=\"elementor-element elementor-element-f927fe3 elementor-widget__width-initial elementor-widget elementor-widget-text-editor\" data-id=\"f927fe3\" data-element_type=\"widget\" data-widget_type=\"text-editor.default\">\n\t\t\t\t\t\t\t\t\t<p class=\"hljs-comment\">Durante los fines de semana y d\u00edas festivos, cuando las sesiones de trading suelen tener un volumen bajo y la volatilidad del mercado puede impactar negativamente su trading. Como parte de nuestra gesti\u00f3n de riesgos, reduciremos el apalancamiento de trading en estos momentos.<\/p><p class=\"hljs-comment\">Reduciremos el apalancamiento de trading de cualquier cuenta Traze (FX y metales preciosos) seg\u00fan el capital de la cuenta, normalmente 1 hora antes del cierre del mercado el viernes. Las cuentas con capital de 1 a 100,000 USD tendr\u00e1n un apalancamiento m\u00e1ximo de 1:500, mientras que las cuentas con capital superior a 100,000 USD tendr\u00e1n un apalancamiento m\u00e1ximo de 1:200. Volveremos al nivel de apalancamiento original normalmente media hora despu\u00e9s de entrar en la nueva sesi\u00f3n de trading.<\/p><p class=\"hljs-comment\">Esto se aplica a todas las operaciones abiertas, \u00f3rdenes pendientes y nuevas \u00f3rdenes. Reglas similares sobre el apalancamiento tambi\u00e9n pueden aplicarse durante comunicados de prensa que mueven el mercado y d\u00edas festivos sujetos a anuncio.<\/p>\t\t\t\t\t\t\t\t<\/div>\n\t\t\t\t<div class=\"elementor-element elementor-element-85aec2a elementor-widget elementor-widget-heading\" data-id=\"85aec2a\" data-element_type=\"widget\" data-widget_type=\"heading.default\">\n\t\t\t\t\t<h2 class=\"elementor-heading-title elementor-size-default\">Ajuste del apalancamiento antes de los principales eventos econ\u00f3micos y de mercado<\/h2>\t\t\t\t<\/div>\n\t\t\t\t<div class=\"elementor-element elementor-element-21850eb elementor-widget__width-initial elementor-widget elementor-widget-text-editor\" data-id=\"21850eb\" data-element_type=\"widget\" data-widget_type=\"text-editor.default\">\n\t\t\t\t\t\t\t\t\t<p class=\"hljs-comment\">De manera similar, para reducir cualquier impacto innecesario que la volatilidad del mercado pueda tener en la cuenta de Trading de los clientes debido a eventos econ\u00f3micos y de mercado importantes, reduciremos su apalancamiento de trading en consecuencia. En cualquier cuenta Traze (FX y metales preciosos), reduciremos el apalancamiento de trading a un m\u00e1ximo de 1:500, normalmente 30 minutos antes del anuncio, y volveremos al nivel de apalancamiento original, normalmente 10 minutos despu\u00e9s del anuncio. Esto se aplica a todas las posiciones existentes, \u00f3rdenes pendientes y nuevas \u00f3rdenes.<\/p>\t\t\t\t\t\t\t\t<\/div>\n\t\t\t\t<div class=\"elementor-element elementor-element-986f6c7 elementor-widget__width-initial elementor-widget elementor-widget-text-editor\" data-id=\"986f6c7\" data-element_type=\"widget\" data-widget_type=\"text-editor.default\">\n\t\t\t\t\t\t\t\t\t<span class=\"hljs-comment\">Descargo de responsabilidad: Tenga en cuenta que los cambios en el \u00edndice de apalancamiento afectar\u00e1n los m\u00e1rgenes requeridos en su cuenta de trading, y usted es responsable de asegurarse de tener fondos suficientes en su cuenta de trading para mantener sus operaciones. Traze ajustar\u00e1 su pol\u00edtica de apalancamiento en respuesta a diversas condiciones del mercado. Por favor, preste atenci\u00f3n al anuncio emitido por nuestra empresa de vez en cuando.<\/span>\t\t\t\t\t\t\t\t<\/div>\n\t\t\t\t<\/div>\n\t\t\t\t\t<\/div>\n\t\t\t\t<\/div>\n\t\t\t\t<\/div>\n\t\t","protected":false},"excerpt":{"rendered":"<p>Pol\u00edticas de Apalancamiento Apalancamiento basado en las acciones de la cuenta de Trading Ahora puede utilizar un apalancamiento de hasta 1:2000 al [&hellip;]<\/p>\n","protected":false},"author":2,"featured_media":0,"parent":27620,"menu_order":0,"comment_status":"closed","ping_status":"closed","template":"","meta":{"footnotes":""},"class_list":["post-27592","page","type-page","status-publish","hentry"],"yoast_head":"<!-- This site is optimized with the Yoast SEO Premium plugin v26.4 (Yoast SEO v26.4) - https:\/\/yoast.com\/wordpress\/plugins\/seo\/ -->\n<title>Pol\u00edticas de Apalancamiento | Traze Forex and CFD Online Trading<\/title>\n<meta name=\"robots\" content=\"index, follow, max-snippet:-1, max-image-preview:large, max-video-preview:-1\" \/>\n<link rel=\"canonical\" href=\"https:\/\/traze.com\/es-la\/trading\/politicas-apalancamiento\/\" \/>\n<meta property=\"og:locale\" content=\"es_MX\" \/>\n<meta property=\"og:type\" content=\"article\" \/>\n<meta property=\"og:title\" content=\"Pol\u00edticas de Apalancamiento\" \/>\n<meta property=\"og:description\" content=\"Pol\u00edticas de Apalancamiento Apalancamiento basado en las acciones de la cuenta de Trading Ahora puede utilizar un apalancamiento de hasta 1:2000 al [&hellip;]\" \/>\n<meta property=\"og:url\" content=\"https:\/\/traze.com\/es-la\/trading\/politicas-apalancamiento\/\" \/>\n<meta property=\"og:site_name\" content=\"Traze Forex and CFD Online Trading\" \/>\n<meta property=\"article:modified_time\" content=\"2026-03-18T14:25:43+00:00\" \/>\n<meta property=\"og:image\" content=\"https:\/\/traze.com\/lib\/uploads\/2025\/11\/leverage-policy-hero.png\" \/>\n\t<meta property=\"og:image:width\" content=\"747\" \/>\n\t<meta property=\"og:image:height\" content=\"483\" \/>\n\t<meta property=\"og:image:type\" content=\"image\/png\" \/>\n<meta name=\"twitter:card\" content=\"summary_large_image\" \/>\n<script type=\"application\/ld+json\" class=\"yoast-schema-graph\">{\"@context\":\"https:\/\/schema.org\",\"@graph\":[{\"@type\":\"WebPage\",\"@id\":\"https:\/\/traze.com\/es-la\/trading\/politicas-apalancamiento\/\",\"url\":\"https:\/\/traze.com\/es-la\/trading\/politicas-apalancamiento\/\",\"name\":\"Pol\u00edticas de Apalancamiento | Traze Forex and CFD Online Trading\",\"isPartOf\":{\"@id\":\"https:\/\/traze.com\/es-la\/#website\"},\"primaryImageOfPage\":{\"@id\":\"https:\/\/traze.com\/es-la\/trading\/politicas-apalancamiento\/#primaryimage\"},\"image\":{\"@id\":\"https:\/\/traze.com\/es-la\/trading\/politicas-apalancamiento\/#primaryimage\"},\"thumbnailUrl\":\"https:\/\/traze.com\/lib\/uploads\/2025\/11\/leverage-policy-hero.png\",\"datePublished\":\"2022-09-26T06:00:12+00:00\",\"dateModified\":\"2026-03-18T14:25:43+00:00\",\"breadcrumb\":{\"@id\":\"https:\/\/traze.com\/es-la\/trading\/politicas-apalancamiento\/#breadcrumb\"},\"inLanguage\":\"es\",\"potentialAction\":[{\"@type\":\"ReadAction\",\"target\":[\"https:\/\/traze.com\/es-la\/trading\/politicas-apalancamiento\/\"]}]},{\"@type\":\"ImageObject\",\"inLanguage\":\"es\",\"@id\":\"https:\/\/traze.com\/es-la\/trading\/politicas-apalancamiento\/#primaryimage\",\"url\":\"https:\/\/traze.com\/lib\/uploads\/2025\/11\/leverage-policy-hero.png\",\"contentUrl\":\"https:\/\/traze.com\/lib\/uploads\/2025\/11\/leverage-policy-hero.png\"},{\"@type\":\"BreadcrumbList\",\"@id\":\"https:\/\/traze.com\/es-la\/trading\/politicas-apalancamiento\/#breadcrumb\",\"itemListElement\":[{\"@type\":\"ListItem\",\"position\":1,\"name\":\"Home\",\"item\":\"https:\/\/traze.com\/es-la\/\"},{\"@type\":\"ListItem\",\"position\":2,\"name\":\"Products summary\",\"item\":\"https:\/\/traze.com\/es-la\/trading\/\"},{\"@type\":\"ListItem\",\"position\":3,\"name\":\"Pol\u00edticas de Apalancamiento\"}]},{\"@type\":\"WebSite\",\"@id\":\"https:\/\/traze.com\/es-la\/#website\",\"url\":\"https:\/\/traze.com\/es-la\/\",\"name\":\"Traze Forex and CFD Online Trading\",\"description\":\"\",\"publisher\":{\"@id\":\"https:\/\/traze.com\/es-la\/#organization\"},\"potentialAction\":[{\"@type\":\"SearchAction\",\"target\":{\"@type\":\"EntryPoint\",\"urlTemplate\":\"https:\/\/traze.com\/es-la\/?s={search_term_string}\"},\"query-input\":{\"@type\":\"PropertyValueSpecification\",\"valueRequired\":true,\"valueName\":\"search_term_string\"}}],\"inLanguage\":\"es\"},{\"@type\":\"Organization\",\"@id\":\"https:\/\/traze.com\/es-la\/#organization\",\"name\":\"Traze Forex and CFD Online Trading\",\"url\":\"https:\/\/traze.com\/es-la\/\",\"logo\":{\"@type\":\"ImageObject\",\"inLanguage\":\"es\",\"@id\":\"https:\/\/traze.com\/es-la\/#\/schema\/logo\/image\/\",\"url\":\"https:\/\/traze.com\/lib\/uploads\/2025\/08\/traze-light.svg\",\"contentUrl\":\"https:\/\/traze.com\/lib\/uploads\/2025\/08\/traze-light.svg\",\"width\":8206,\"height\":1995,\"caption\":\"Traze Forex and CFD Online Trading\"},\"image\":{\"@id\":\"https:\/\/traze.com\/es-la\/#\/schema\/logo\/image\/\"}}]}<\/script>\n<!-- \/ Yoast SEO Premium plugin. -->","yoast_head_json":{"title":"Pol\u00edticas de Apalancamiento | Traze Forex and CFD Online Trading","robots":{"index":"index","follow":"follow","max-snippet":"max-snippet:-1","max-image-preview":"max-image-preview:large","max-video-preview":"max-video-preview:-1"},"canonical":"https:\/\/traze.com\/es-la\/trading\/politicas-apalancamiento\/","og_locale":"es_MX","og_type":"article","og_title":"Pol\u00edticas de Apalancamiento","og_description":"Pol\u00edticas de Apalancamiento Apalancamiento basado en las acciones de la cuenta de Trading Ahora puede utilizar un apalancamiento de hasta 1:2000 al [&hellip;]","og_url":"https:\/\/traze.com\/es-la\/trading\/politicas-apalancamiento\/","og_site_name":"Traze Forex and CFD Online Trading","article_modified_time":"2026-03-18T14:25:43+00:00","og_image":[{"width":747,"height":483,"url":"https:\/\/traze.com\/lib\/uploads\/2025\/11\/leverage-policy-hero.png","type":"image\/png"}],"twitter_card":"summary_large_image","schema":{"@context":"https:\/\/schema.org","@graph":[{"@type":"WebPage","@id":"https:\/\/traze.com\/es-la\/trading\/politicas-apalancamiento\/","url":"https:\/\/traze.com\/es-la\/trading\/politicas-apalancamiento\/","name":"Pol\u00edticas de Apalancamiento | Traze Forex and CFD Online Trading","isPartOf":{"@id":"https:\/\/traze.com\/es-la\/#website"},"primaryImageOfPage":{"@id":"https:\/\/traze.com\/es-la\/trading\/politicas-apalancamiento\/#primaryimage"},"image":{"@id":"https:\/\/traze.com\/es-la\/trading\/politicas-apalancamiento\/#primaryimage"},"thumbnailUrl":"https:\/\/traze.com\/lib\/uploads\/2025\/11\/leverage-policy-hero.png","datePublished":"2022-09-26T06:00:12+00:00","dateModified":"2026-03-18T14:25:43+00:00","breadcrumb":{"@id":"https:\/\/traze.com\/es-la\/trading\/politicas-apalancamiento\/#breadcrumb"},"inLanguage":"es","potentialAction":[{"@type":"ReadAction","target":["https:\/\/traze.com\/es-la\/trading\/politicas-apalancamiento\/"]}]},{"@type":"ImageObject","inLanguage":"es","@id":"https:\/\/traze.com\/es-la\/trading\/politicas-apalancamiento\/#primaryimage","url":"https:\/\/traze.com\/lib\/uploads\/2025\/11\/leverage-policy-hero.png","contentUrl":"https:\/\/traze.com\/lib\/uploads\/2025\/11\/leverage-policy-hero.png"},{"@type":"BreadcrumbList","@id":"https:\/\/traze.com\/es-la\/trading\/politicas-apalancamiento\/#breadcrumb","itemListElement":[{"@type":"ListItem","position":1,"name":"Home","item":"https:\/\/traze.com\/es-la\/"},{"@type":"ListItem","position":2,"name":"Products summary","item":"https:\/\/traze.com\/es-la\/trading\/"},{"@type":"ListItem","position":3,"name":"Pol\u00edticas de Apalancamiento"}]},{"@type":"WebSite","@id":"https:\/\/traze.com\/es-la\/#website","url":"https:\/\/traze.com\/es-la\/","name":"Traze Forex and CFD Online Trading","description":"","publisher":{"@id":"https:\/\/traze.com\/es-la\/#organization"},"potentialAction":[{"@type":"SearchAction","target":{"@type":"EntryPoint","urlTemplate":"https:\/\/traze.com\/es-la\/?s={search_term_string}"},"query-input":{"@type":"PropertyValueSpecification","valueRequired":true,"valueName":"search_term_string"}}],"inLanguage":"es"},{"@type":"Organization","@id":"https:\/\/traze.com\/es-la\/#organization","name":"Traze Forex and CFD Online Trading","url":"https:\/\/traze.com\/es-la\/","logo":{"@type":"ImageObject","inLanguage":"es","@id":"https:\/\/traze.com\/es-la\/#\/schema\/logo\/image\/","url":"https:\/\/traze.com\/lib\/uploads\/2025\/08\/traze-light.svg","contentUrl":"https:\/\/traze.com\/lib\/uploads\/2025\/08\/traze-light.svg","width":8206,"height":1995,"caption":"Traze Forex and CFD Online Trading"},"image":{"@id":"https:\/\/traze.com\/es-la\/#\/schema\/logo\/image\/"}}]}},"_links":{"self":[{"href":"https:\/\/traze.com\/es-la\/wp-json\/wp\/v2\/pages\/27592","targetHints":{"allow":["GET"]}}],"collection":[{"href":"https:\/\/traze.com\/es-la\/wp-json\/wp\/v2\/pages"}],"about":[{"href":"https:\/\/traze.com\/es-la\/wp-json\/wp\/v2\/types\/page"}],"author":[{"embeddable":true,"href":"https:\/\/traze.com\/es-la\/wp-json\/wp\/v2\/users\/2"}],"replies":[{"embeddable":true,"href":"https:\/\/traze.com\/es-la\/wp-json\/wp\/v2\/comments?post=27592"}],"version-history":[{"count":1,"href":"https:\/\/traze.com\/es-la\/wp-json\/wp\/v2\/pages\/27592\/revisions"}],"predecessor-version":[{"id":27726,"href":"https:\/\/traze.com\/es-la\/wp-json\/wp\/v2\/pages\/27592\/revisions\/27726"}],"up":[{"embeddable":true,"href":"https:\/\/traze.com\/es-la\/wp-json\/wp\/v2\/pages\/27620"}],"wp:attachment":[{"href":"https:\/\/traze.com\/es-la\/wp-json\/wp\/v2\/media?parent=27592"}],"curies":[{"name":"wp","href":"https:\/\/api.w.org\/{rel}","templated":true}]}}