{"id":27560,"date":"2022-09-27T16:55:16","date_gmt":"2022-09-27T16:55:16","guid":{"rendered":"https:\/\/traze.com\/especificaciones-del-contrato\/"},"modified":"2026-03-18T14:25:31","modified_gmt":"2026-03-18T14:25:31","slug":"especificaciones-del-contrato","status":"publish","type":"page","link":"https:\/\/traze.com\/es-la\/trading\/especificaciones-del-contrato\/","title":{"rendered":"Especificaciones del Contrato"},"content":{"rendered":"\t\t<div data-elementor-type=\"wp-page\" data-elementor-id=\"27560\" class=\"elementor elementor-27560 elementor-5689\" data-elementor-settings=\"{&quot;element_pack_global_tooltip_width&quot;:{&quot;unit&quot;:&quot;px&quot;,&quot;size&quot;:&quot;&quot;,&quot;sizes&quot;:[]},&quot;element_pack_global_tooltip_width_tablet&quot;:{&quot;unit&quot;:&quot;px&quot;,&quot;size&quot;:&quot;&quot;,&quot;sizes&quot;:[]},&quot;element_pack_global_tooltip_width_mobile&quot;:{&quot;unit&quot;:&quot;px&quot;,&quot;size&quot;:&quot;&quot;,&quot;sizes&quot;:[]},&quot;element_pack_global_tooltip_padding&quot;:{&quot;unit&quot;:&quot;px&quot;,&quot;top&quot;:&quot;&quot;,&quot;right&quot;:&quot;&quot;,&quot;bottom&quot;:&quot;&quot;,&quot;left&quot;:&quot;&quot;,&quot;isLinked&quot;:true},&quot;element_pack_global_tooltip_padding_tablet&quot;:{&quot;unit&quot;:&quot;px&quot;,&quot;top&quot;:&quot;&quot;,&quot;right&quot;:&quot;&quot;,&quot;bottom&quot;:&quot;&quot;,&quot;left&quot;:&quot;&quot;,&quot;isLinked&quot;:true},&quot;element_pack_global_tooltip_padding_mobile&quot;:{&quot;unit&quot;:&quot;px&quot;,&quot;top&quot;:&quot;&quot;,&quot;right&quot;:&quot;&quot;,&quot;bottom&quot;:&quot;&quot;,&quot;left&quot;:&quot;&quot;,&quot;isLinked&quot;:true},&quot;element_pack_global_tooltip_border_radius&quot;:{&quot;unit&quot;:&quot;px&quot;,&quot;top&quot;:&quot;&quot;,&quot;right&quot;:&quot;&quot;,&quot;bottom&quot;:&quot;&quot;,&quot;left&quot;:&quot;&quot;,&quot;isLinked&quot;:true},&quot;element_pack_global_tooltip_border_radius_tablet&quot;:{&quot;unit&quot;:&quot;px&quot;,&quot;top&quot;:&quot;&quot;,&quot;right&quot;:&quot;&quot;,&quot;bottom&quot;:&quot;&quot;,&quot;left&quot;:&quot;&quot;,&quot;isLinked&quot;:true},&quot;element_pack_global_tooltip_border_radius_mobile&quot;:{&quot;unit&quot;:&quot;px&quot;,&quot;top&quot;:&quot;&quot;,&quot;right&quot;:&quot;&quot;,&quot;bottom&quot;:&quot;&quot;,&quot;left&quot;:&quot;&quot;,&quot;isLinked&quot;:true}}\" data-elementor-post-type=\"page\">\n\t\t\t\t<div class=\"elementor-element elementor-element-a6ea0bf zfx-hero e-flex e-con-boxed e-con e-parent\" data-id=\"a6ea0bf\" data-element_type=\"container\">\n\t\t\t\t\t<div class=\"e-con-inner\">\n\t\t<div class=\"elementor-element elementor-element-4d75688 animated-slow e-con-full e-flex elementor-invisible e-con e-child\" data-id=\"4d75688\" data-element_type=\"container\" data-settings=\"{&quot;animation&quot;:&quot;fadeIn&quot;,&quot;animation_delay&quot;:200}\">\n\t\t\t\t<div class=\"elementor-element elementor-element-9862eb8 elementor-widget elementor-widget-heading\" data-id=\"9862eb8\" data-element_type=\"widget\" data-widget_type=\"heading.default\">\n\t\t\t\t\t<h1 class=\"elementor-heading-title elementor-size-default\">Especificaciones del Contrato<\/h1>\t\t\t\t<\/div>\n\t\t\t\t<div class=\"elementor-element elementor-element-fdaeb4d elementor-widget-mobile__width-initial elementor-widget-tablet__width-initial elementor-widget elementor-widget-heading\" data-id=\"fdaeb4d\" data-element_type=\"widget\" data-settings=\"{&quot;ep_display_conditions_enable&quot;:&quot;yes&quot;}\" data-widget_type=\"heading.default\">\n\t\t\t\t\t<p class=\"elementor-heading-title elementor-size-default\">Dependiendo de la cuenta (Cent, Standard, ECN), diferentes activos estar\u00e1n disponibles para operar, y las especificaciones del contrato para cada activo negociable pueden variar seg\u00fan la cuenta que elija. Puede consultar la Gu\u00eda de productos o las tablas asociadas a continuaci\u00f3n para determinar qu\u00e9 especificaciones de contrato se adaptan mejor a sus necesidades. <\/p>\t\t\t\t<\/div>\n\t\t\t\t<\/div>\n\t\t<div class=\"elementor-element elementor-element-c8f0408 animated-slow e-con-full e-flex elementor-invisible e-con e-child\" data-id=\"c8f0408\" data-element_type=\"container\" data-settings=\"{&quot;animation&quot;:&quot;fadeIn&quot;}\">\n\t\t\t\t<div class=\"elementor-element elementor-element-693f245 elementor-absolute elementor-widget elementor-widget-image\" data-id=\"693f245\" data-element_type=\"widget\" data-settings=\"{&quot;_position&quot;:&quot;absolute&quot;}\" data-widget_type=\"image.default\">\n\t\t\t\t\t\t\t\t\t\t\t\t\t\t\t<img fetchpriority=\"high\" decoding=\"async\" width=\"954\" height=\"816\" src=\"https:\/\/traze.com\/lib\/uploads\/2025\/10\/elipse-primary-sky.svg\" class=\"attachment-full size-full wp-image-23077\" alt=\"\" \/>\t\t\t\t\t\t\t\t\t\t\t\t\t\t\t<\/div>\n\t\t\t\t<div class=\"elementor-element elementor-element-f903ad1 elementor-widget elementor-widget-image\" data-id=\"f903ad1\" data-element_type=\"widget\" data-widget_type=\"image.default\">\n\t\t\t\t\t\t\t\t\t\t\t\t\t\t\t<img decoding=\"async\" width=\"552\" height=\"477\" src=\"https:\/\/traze.com\/lib\/uploads\/2025\/11\/contract-specs-hero.png\" class=\"attachment-full size-full wp-image-24956\" alt=\"\" srcset=\"https:\/\/traze.com\/lib\/uploads\/2025\/11\/contract-specs-hero.png 552w, https:\/\/traze.com\/lib\/uploads\/2025\/11\/contract-specs-hero-300x259.png 300w\" sizes=\"(max-width: 552px) 100vw, 552px\" \/>\t\t\t\t\t\t\t\t\t\t\t\t\t\t\t<\/div>\n\t\t\t\t<\/div>\n\t\t\t\t\t<\/div>\n\t\t\t\t<\/div>\n\t\t<div class=\"elementor-element elementor-element-58c5128 e-flex e-con-boxed e-con e-parent\" data-id=\"58c5128\" data-element_type=\"container\">\n\t\t\t\t\t<div class=\"e-con-inner\">\n\t\t<div class=\"elementor-element elementor-element-76ef1da e-con-full e-flex e-con e-child\" data-id=\"76ef1da\" data-element_type=\"container\" data-settings=\"{&quot;background_background&quot;:&quot;classic&quot;}\">\n\t\t\t\t<div class=\"elementor-element elementor-element-caae017 elementor-widget elementor-widget-shortcode\" data-id=\"caae017\" data-element_type=\"widget\" data-settings=\"{&quot;ep_display_conditions_enable&quot;:&quot;yes&quot;}\" data-widget_type=\"shortcode.default\">\n\t\t\t\t\t                                <div id=\"contract-specifications\">\n                    <div class=\"contract-specifications\">\n                        <div class=\"d-none d-s-block\">\n                            <ul class=\"contract-specifications-account-types-list\">\n                                                                    <li class=\"active\" data-account-target=\"stp\">\n                                        Standard STP Trading Account                                    <\/li>\n                                                                    <li class=\"\" data-account-target=\"ecn\">\n                                        ECN Trading Account                                    <\/li>\n                                                            <\/ul>\n                        <\/div>\n                        <div class=\"d-s-none\">\n                            <div class=\"el-select contract-specifications-account-types-dd-list\">\n                                <div class=\"select-trigger\" aria-describedby=\"el-popper-8789\">\n                                    <div class=\"el-input el-input--suffix\">\n                                        <select class=\"el-input__inner d-none\" name=\"account_type\" id=\"account_type\">\n                                                                                            <option value=\"stp\"  selected='selected'>\n                                                    Standard STP Trading Account                                                <\/option>\n                                                                                            <option value=\"ecn\" >\n                                                    ECN Trading Account                                                <\/option>\n                                                                                    <\/select>\n                                        <button class=\"custom-select-trigger\" data-target=\"account_type\" aria-label=\"Select account type\">\n                                            <span>Standard STP Trading Account<\/span>\n                                            <svg class=\"icon\" width=\"200\" height=\"200\" viewBox=\"0 0 1024 1024\" xmlns=\"http:\/\/www.w3.org\/2000\/svg\" style=\"width: 16px; height: 16px;\">\n                                                <path fill=\"currentColor\" d=\"M488.832 344.32l-339.84 356.672a32 32 0 000 44.16l.384.384a29.44 29.44 0 0042.688 0l320-335.872 319.872 335.872a29.44 29.44 0 0042.688 0l.384-.384a32 32 0 000-44.16L535.168 344.32a32 32 0 00-46.336 0z\"><\/path>\n                                            <\/svg>\n                                        <\/button>\n                                    <\/div>\n                                <\/div>\n                            <\/div>\n                        <\/div>\n                        <div class=\"d-none d-m-block\">\n                            <ul class=\"contract-specifications-symbol-types-list\">\n                                                                    <li class=\"active\" data-asset-target=\"forex\">\n                                        Forex                                    <\/li>\n                                                                    <li class=\"\" data-asset-target=\"commodities\">\n                                        Commodities                                    <\/li>\n                                                                    <li class=\"\" data-asset-target=\"indices\">\n                                        Indices                                    <\/li>\n                                                                    <li class=\"\" data-asset-target=\"shares\">\n                                        Shares                                    <\/li>\n                                                                    <li class=\"\" data-asset-target=\"crypto\">\n                                        Crypto                                    <\/li>\n                                                            <\/ul>\n                        <\/div>\n                        <div class=\"d-m-none\">\n                            <div class=\"el-select contract-specifications-symbol-types-dd-list\">\n                                <div class=\"select-trigger\">\n                                    <div class=\"el-input el-input--suffix\">\n                                        <select class=\"el-input__inner d-none\" name=\"asset_type\" id=\"asset_type\">\n                                                                                            <option value=\"0\"  selected='selected'>\n                                                    Forex                                                <\/option>\n                                                                                            <option value=\"1\" >\n                                                    Commodities                                                <\/option>\n                                                                                            <option value=\"2\" >\n                                                    Indices                                                <\/option>\n                                                                                            <option value=\"3\" >\n                                                    Shares                                                <\/option>\n                                                                                            <option value=\"4\" >\n                                                    Crypto                                                <\/option>\n                                                                                    <\/select>\n                                        <button class=\"custom-select-trigger\" data-target=\"asset_type\" aria-label=\"Select asset type\">\n                                            <span>Forex<\/span>\n                                            <svg class=\"icon\" width=\"200\" height=\"200\" viewBox=\"0 0 1024 1024\" xmlns=\"http:\/\/www.w3.org\/2000\/svg\" style=\"width: 16px; height: 16px;\">\n                                                <path fill=\"currentColor\" d=\"M488.832 344.32l-339.84 356.672a32 32 0 000 44.16l.384.384a29.44 29.44 0 0042.688 0l320-335.872 319.872 335.872a29.44 29.44 0 0042.688 0l.384-.384a32 32 0 000-44.16L535.168 344.32a32 32 0 00-46.336 0z\"><\/path>\n                                            <\/svg>\n                                        <\/button>\n                                    <\/div>\n                                <\/div>\n                            <\/div>\n                        <\/div>\n                        <div class=\"d-s-block\">\n                            <input class=\"el-input__inner search-input\" type=\"text\" id=\"search\" name=\"search\" placeholder=\"Search for symbol...\">\n                        <\/div>\n                        <div class=\"table-responsive\">\n                            <table class=\"contract-specifications-table el-loading-parent--relative\">\n                                <thead>\n                                    <tr>\n                                        <th rowspan=\"2\">Symbol<\/th>\n                                        <th rowspan=\"2\">Trading Instrument<\/th>\n                                        <th rowspan=\"2\">Typical Spread<\/th>\n                                        <th colspan=\"2\">Overnight Funding<\/th>\n                                        <th rowspan=\"2\">Minimum Initial Margin<\/th>\n                                        <th rowspan=\"2\">Trading Sessions<\/th>\n                                    <\/tr>\n                                    <tr>\n                                        <th>Long<\/th>\n                                        <th>Short<\/th>\n                                    <\/tr>\n                                <\/thead>\n                                <tbody id=\"root\">\n                                <\/tbody>\n                            <\/table>\n                        <\/div>\n                    <\/div>\n                    <div class=\"bottom-sheet-overlay\" id=\"bottomSheetOverlay\"><\/div>\n                    <div class=\"bottom-sheet\" id=\"bottomSheet\">\n                        <div class=\"bottom-sheet-header\">\n                            <div class=\"bottom-sheet-title\" id=\"bottomSheetTitle\">Select an option<\/div>\n                            <button class=\"bottom-sheet-close\" id=\"bottomSheetClose\">\u00d7<\/button>\n                        <\/div>\n                        <div class=\"bottom-sheet-options\" id=\"bottomSheetOptions\"><\/div>\n                    <\/div>\n                <\/div>\n\n        \t\t<div class=\"elementor-shortcode\"><\/div>\n\t\t\t\t\t\t<\/div>\n\t\t\t\t<\/div>\n\t\t\t\t\t<\/div>\n\t\t\t\t<\/div>\n\t\t\t\t<\/div>\n\t\t","protected":false},"excerpt":{"rendered":"<p>Especificaciones del Contrato Dependiendo de la cuenta (Cent, Standard, ECN), diferentes activos estar\u00e1n disponibles para operar, y las especificaciones del contrato para [&hellip;]<\/p>\n","protected":false},"author":2,"featured_media":0,"parent":27620,"menu_order":0,"comment_status":"closed","ping_status":"closed","template":"","meta":{"footnotes":""},"class_list":["post-27560","page","type-page","status-publish","hentry"],"yoast_head":"<!-- This site is optimized with the Yoast SEO Premium plugin v26.4 (Yoast SEO v26.4) - https:\/\/yoast.com\/wordpress\/plugins\/seo\/ -->\n<title>Especificaciones del Contrato | Traze Forex and CFD Online Trading<\/title>\n<meta name=\"robots\" content=\"index, follow, max-snippet:-1, max-image-preview:large, max-video-preview:-1\" \/>\n<link rel=\"canonical\" href=\"https:\/\/traze.com\/es-la\/trading\/especificaciones-del-contrato\/\" \/>\n<meta property=\"og:locale\" content=\"es_MX\" \/>\n<meta property=\"og:type\" content=\"article\" \/>\n<meta property=\"og:title\" content=\"Especificaciones del Contrato\" \/>\n<meta property=\"og:description\" content=\"Especificaciones del Contrato Dependiendo de la cuenta (Cent, Standard, ECN), diferentes activos estar\u00e1n disponibles para operar, y las especificaciones del contrato para [&hellip;]\" \/>\n<meta property=\"og:url\" content=\"https:\/\/traze.com\/es-la\/trading\/especificaciones-del-contrato\/\" \/>\n<meta property=\"og:site_name\" content=\"Traze Forex and CFD Online Trading\" \/>\n<meta property=\"article:modified_time\" content=\"2026-03-18T14:25:31+00:00\" \/>\n<meta property=\"og:image\" content=\"https:\/\/traze.com\/lib\/uploads\/2025\/10\/fav-icon.png\" \/>\n\t<meta property=\"og:image:width\" content=\"512\" \/>\n\t<meta property=\"og:image:height\" content=\"512\" \/>\n\t<meta property=\"og:image:type\" content=\"image\/png\" \/>\n<meta name=\"twitter:card\" content=\"summary_large_image\" \/>\n<meta name=\"twitter:label1\" content=\"Tiempo de lectura\" \/>\n\t<meta name=\"twitter:data1\" content=\"2 minutos\" \/>\n<script type=\"application\/ld+json\" class=\"yoast-schema-graph\">{\"@context\":\"https:\/\/schema.org\",\"@graph\":[{\"@type\":\"WebPage\",\"@id\":\"https:\/\/traze.com\/es-la\/trading\/especificaciones-del-contrato\/\",\"url\":\"https:\/\/traze.com\/es-la\/trading\/especificaciones-del-contrato\/\",\"name\":\"Especificaciones del Contrato | Traze Forex and CFD Online Trading\",\"isPartOf\":{\"@id\":\"https:\/\/traze.com\/es-la\/#website\"},\"primaryImageOfPage\":{\"@id\":\"https:\/\/traze.com\/es-la\/trading\/especificaciones-del-contrato\/#primaryimage\"},\"image\":{\"@id\":\"https:\/\/traze.com\/es-la\/trading\/especificaciones-del-contrato\/#primaryimage\"},\"thumbnailUrl\":\"https:\/\/traze.com\/lib\/uploads\/2025\/10\/elipse-primary-sky.svg\",\"datePublished\":\"2022-09-27T16:55:16+00:00\",\"dateModified\":\"2026-03-18T14:25:31+00:00\",\"breadcrumb\":{\"@id\":\"https:\/\/traze.com\/es-la\/trading\/especificaciones-del-contrato\/#breadcrumb\"},\"inLanguage\":\"es\",\"potentialAction\":[{\"@type\":\"ReadAction\",\"target\":[\"https:\/\/traze.com\/es-la\/trading\/especificaciones-del-contrato\/\"]}]},{\"@type\":\"ImageObject\",\"inLanguage\":\"es\",\"@id\":\"https:\/\/traze.com\/es-la\/trading\/especificaciones-del-contrato\/#primaryimage\",\"url\":\"https:\/\/traze.com\/lib\/uploads\/2025\/10\/elipse-primary-sky.svg\",\"contentUrl\":\"https:\/\/traze.com\/lib\/uploads\/2025\/10\/elipse-primary-sky.svg\"},{\"@type\":\"BreadcrumbList\",\"@id\":\"https:\/\/traze.com\/es-la\/trading\/especificaciones-del-contrato\/#breadcrumb\",\"itemListElement\":[{\"@type\":\"ListItem\",\"position\":1,\"name\":\"Home\",\"item\":\"https:\/\/traze.com\/es-la\/\"},{\"@type\":\"ListItem\",\"position\":2,\"name\":\"Products summary\",\"item\":\"https:\/\/traze.com\/es-la\/trading\/\"},{\"@type\":\"ListItem\",\"position\":3,\"name\":\"Especificaciones del Contrato\"}]},{\"@type\":\"WebSite\",\"@id\":\"https:\/\/traze.com\/es-la\/#website\",\"url\":\"https:\/\/traze.com\/es-la\/\",\"name\":\"Traze Forex and CFD Online Trading\",\"description\":\"\",\"publisher\":{\"@id\":\"https:\/\/traze.com\/es-la\/#organization\"},\"potentialAction\":[{\"@type\":\"SearchAction\",\"target\":{\"@type\":\"EntryPoint\",\"urlTemplate\":\"https:\/\/traze.com\/es-la\/?s={search_term_string}\"},\"query-input\":{\"@type\":\"PropertyValueSpecification\",\"valueRequired\":true,\"valueName\":\"search_term_string\"}}],\"inLanguage\":\"es\"},{\"@type\":\"Organization\",\"@id\":\"https:\/\/traze.com\/es-la\/#organization\",\"name\":\"Traze Forex and CFD Online Trading\",\"url\":\"https:\/\/traze.com\/es-la\/\",\"logo\":{\"@type\":\"ImageObject\",\"inLanguage\":\"es\",\"@id\":\"https:\/\/traze.com\/es-la\/#\/schema\/logo\/image\/\",\"url\":\"https:\/\/traze.com\/lib\/uploads\/2025\/08\/traze-light.svg\",\"contentUrl\":\"https:\/\/traze.com\/lib\/uploads\/2025\/08\/traze-light.svg\",\"width\":8206,\"height\":1995,\"caption\":\"Traze Forex and CFD Online Trading\"},\"image\":{\"@id\":\"https:\/\/traze.com\/es-la\/#\/schema\/logo\/image\/\"}}]}<\/script>\n<!-- \/ Yoast SEO Premium plugin. -->","yoast_head_json":{"title":"Especificaciones del Contrato | Traze Forex and CFD Online Trading","robots":{"index":"index","follow":"follow","max-snippet":"max-snippet:-1","max-image-preview":"max-image-preview:large","max-video-preview":"max-video-preview:-1"},"canonical":"https:\/\/traze.com\/es-la\/trading\/especificaciones-del-contrato\/","og_locale":"es_MX","og_type":"article","og_title":"Especificaciones del Contrato","og_description":"Especificaciones del Contrato Dependiendo de la cuenta (Cent, Standard, ECN), diferentes activos estar\u00e1n disponibles para operar, y las especificaciones del contrato para [&hellip;]","og_url":"https:\/\/traze.com\/es-la\/trading\/especificaciones-del-contrato\/","og_site_name":"Traze Forex and CFD Online Trading","article_modified_time":"2026-03-18T14:25:31+00:00","og_image":[{"width":512,"height":512,"url":"https:\/\/traze.com\/lib\/uploads\/2025\/10\/fav-icon.png","type":"image\/png"}],"twitter_card":"summary_large_image","twitter_misc":{"Tiempo de lectura":"2 minutos"},"schema":{"@context":"https:\/\/schema.org","@graph":[{"@type":"WebPage","@id":"https:\/\/traze.com\/es-la\/trading\/especificaciones-del-contrato\/","url":"https:\/\/traze.com\/es-la\/trading\/especificaciones-del-contrato\/","name":"Especificaciones del Contrato | Traze Forex and CFD Online Trading","isPartOf":{"@id":"https:\/\/traze.com\/es-la\/#website"},"primaryImageOfPage":{"@id":"https:\/\/traze.com\/es-la\/trading\/especificaciones-del-contrato\/#primaryimage"},"image":{"@id":"https:\/\/traze.com\/es-la\/trading\/especificaciones-del-contrato\/#primaryimage"},"thumbnailUrl":"https:\/\/traze.com\/lib\/uploads\/2025\/10\/elipse-primary-sky.svg","datePublished":"2022-09-27T16:55:16+00:00","dateModified":"2026-03-18T14:25:31+00:00","breadcrumb":{"@id":"https:\/\/traze.com\/es-la\/trading\/especificaciones-del-contrato\/#breadcrumb"},"inLanguage":"es","potentialAction":[{"@type":"ReadAction","target":["https:\/\/traze.com\/es-la\/trading\/especificaciones-del-contrato\/"]}]},{"@type":"ImageObject","inLanguage":"es","@id":"https:\/\/traze.com\/es-la\/trading\/especificaciones-del-contrato\/#primaryimage","url":"https:\/\/traze.com\/lib\/uploads\/2025\/10\/elipse-primary-sky.svg","contentUrl":"https:\/\/traze.com\/lib\/uploads\/2025\/10\/elipse-primary-sky.svg"},{"@type":"BreadcrumbList","@id":"https:\/\/traze.com\/es-la\/trading\/especificaciones-del-contrato\/#breadcrumb","itemListElement":[{"@type":"ListItem","position":1,"name":"Home","item":"https:\/\/traze.com\/es-la\/"},{"@type":"ListItem","position":2,"name":"Products summary","item":"https:\/\/traze.com\/es-la\/trading\/"},{"@type":"ListItem","position":3,"name":"Especificaciones del Contrato"}]},{"@type":"WebSite","@id":"https:\/\/traze.com\/es-la\/#website","url":"https:\/\/traze.com\/es-la\/","name":"Traze Forex and CFD Online Trading","description":"","publisher":{"@id":"https:\/\/traze.com\/es-la\/#organization"},"potentialAction":[{"@type":"SearchAction","target":{"@type":"EntryPoint","urlTemplate":"https:\/\/traze.com\/es-la\/?s={search_term_string}"},"query-input":{"@type":"PropertyValueSpecification","valueRequired":true,"valueName":"search_term_string"}}],"inLanguage":"es"},{"@type":"Organization","@id":"https:\/\/traze.com\/es-la\/#organization","name":"Traze Forex and CFD Online Trading","url":"https:\/\/traze.com\/es-la\/","logo":{"@type":"ImageObject","inLanguage":"es","@id":"https:\/\/traze.com\/es-la\/#\/schema\/logo\/image\/","url":"https:\/\/traze.com\/lib\/uploads\/2025\/08\/traze-light.svg","contentUrl":"https:\/\/traze.com\/lib\/uploads\/2025\/08\/traze-light.svg","width":8206,"height":1995,"caption":"Traze Forex and CFD Online Trading"},"image":{"@id":"https:\/\/traze.com\/es-la\/#\/schema\/logo\/image\/"}}]}},"_links":{"self":[{"href":"https:\/\/traze.com\/es-la\/wp-json\/wp\/v2\/pages\/27560","targetHints":{"allow":["GET"]}}],"collection":[{"href":"https:\/\/traze.com\/es-la\/wp-json\/wp\/v2\/pages"}],"about":[{"href":"https:\/\/traze.com\/es-la\/wp-json\/wp\/v2\/types\/page"}],"author":[{"embeddable":true,"href":"https:\/\/traze.com\/es-la\/wp-json\/wp\/v2\/users\/2"}],"replies":[{"embeddable":true,"href":"https:\/\/traze.com\/es-la\/wp-json\/wp\/v2\/comments?post=27560"}],"version-history":[{"count":1,"href":"https:\/\/traze.com\/es-la\/wp-json\/wp\/v2\/pages\/27560\/revisions"}],"predecessor-version":[{"id":27591,"href":"https:\/\/traze.com\/es-la\/wp-json\/wp\/v2\/pages\/27560\/revisions\/27591"}],"up":[{"embeddable":true,"href":"https:\/\/traze.com\/es-la\/wp-json\/wp\/v2\/pages\/27620"}],"wp:attachment":[{"href":"https:\/\/traze.com\/es-la\/wp-json\/wp\/v2\/media?parent=27560"}],"curies":[{"name":"wp","href":"https:\/\/api.w.org\/{rel}","templated":true}]}}